{"id":270,"date":"2014-05-21T11:52:19","date_gmt":"2014-05-21T09:52:19","guid":{"rendered":"http:\/\/www.diechinesischenglueckskekse.de\/?page_id=270"},"modified":"2020-08-09T11:13:16","modified_gmt":"2020-08-09T09:13:16","slug":"shop","status":"publish","type":"page","link":"https:\/\/www.diechinesischenglueckskekse.de\/?page_id=270","title":{"rendered":"Shop"},"content":{"rendered":"<p><strong>&#8220;Unter Strom&#8221;<\/strong> kaufen:<\/p>\n<ul>\n<li>Als Download auf <a href=\"https:\/\/diechinesischenglueckskekse.bandcamp.com\/\"><strong>Bandcamp<\/strong><\/a>, oder bei allen anderen bekannten digitalen Verkaufsstellen.<\/li>\n<li>Als CD bei den bekannten grossen Onlineh\u00e4ndlern oder in wirklich gut sortierten L\u00e4den.<\/li>\n<li>Streamen geht nat\u00fcrlich auch, bei allen bekannten Anbietern, aber macht ja nicht so viel Spa\u00df.<\/li>\n<\/ul>\n<p><iframe style=\"border: 0; width: 400px; height: 307px;\" src=\"https:\/\/bandcamp.com\/EmbeddedPlayer\/album=3444040051\/size=large\/bgcol=ffffff\/linkcol=0687f5\/artwork=small\/transparent=true\/\" seamless=\"\"><a href=\"https:\/\/diechinesischenglueckskekse.bandcamp.com\/album\/unter-strom\">Unter Strom! by Die Chinesischen Gl\u00fcckskekse<\/a><\/iframe><\/p>\n","protected":false},"excerpt":{"rendered":"<p>&#8220;Unter Strom&#8221; kaufen: Als Download auf Bandcamp, oder bei allen anderen bekannten digitalen Verkaufsstellen. Als CD bei den bekannten grossen Onlineh\u00e4ndlern oder in wirklich gut sortierten L\u00e4den. Streamen geht nat\u00fcrlich<a href=\"https:\/\/www.diechinesischenglueckskekse.de\/?page_id=270\" class=\"more-link\"><span class=\"readmore\">Continue reading<span class=\"screen-reader-text\">Shop<\/span><\/span><\/a><\/p>\n","protected":false},"author":1,"featured_media":0,"parent":0,"menu_order":75,"comment_status":"closed","ping_status":"closed","template":"","meta":{"footnotes":""},"class_list":["post-270","page","type-page","status-publish","hentry"],"_links":{"self":[{"href":"https:\/\/www.diechinesischenglueckskekse.de\/index.php?rest_route=\/wp\/v2\/pages\/270","targetHints":{"allow":["GET"]}}],"collection":[{"href":"https:\/\/www.diechinesischenglueckskekse.de\/index.php?rest_route=\/wp\/v2\/pages"}],"about":[{"href":"https:\/\/www.diechinesischenglueckskekse.de\/index.php?rest_route=\/wp\/v2\/types\/page"}],"author":[{"embeddable":true,"href":"https:\/\/www.diechinesischenglueckskekse.de\/index.php?rest_route=\/wp\/v2\/users\/1"}],"replies":[{"embeddable":true,"href":"https:\/\/www.diechinesischenglueckskekse.de\/index.php?rest_route=%2Fwp%2Fv2%2Fcomments&post=270"}],"version-history":[{"count":15,"href":"https:\/\/www.diechinesischenglueckskekse.de\/index.php?rest_route=\/wp\/v2\/pages\/270\/revisions"}],"predecessor-version":[{"id":736,"href":"https:\/\/www.diechinesischenglueckskekse.de\/index.php?rest_route=\/wp\/v2\/pages\/270\/revisions\/736"}],"wp:attachment":[{"href":"https:\/\/www.diechinesischenglueckskekse.de\/index.php?rest_route=%2Fwp%2Fv2%2Fmedia&parent=270"}],"curies":[{"name":"wp","href":"https:\/\/api.w.org\/{rel}","templated":true}]}}